{"id":394,"date":"2022-10-03T11:31:02","date_gmt":"2022-10-03T09:31:02","guid":{"rendered":"https:\/\/remote-net.eu\/?page_id=394"},"modified":"2023-12-05T12:14:29","modified_gmt":"2023-12-05T11:14:29","slug":"cevrimici-kurslar","status":"publish","type":"page","link":"https:\/\/remote-net.eu\/tr\/cevrimici-kurslar\/","title":{"rendered":"\u00c7evrimi\u00e7i Kurslar"},"content":{"rendered":"\t\t<div data-elementor-type=\"wp-page\" data-elementor-id=\"394\" class=\"elementor elementor-394 elementor-19\" data-elementor-post-type=\"page\">\n\t\t\t\t<div class=\"elementor-element elementor-element-9fb2bfa e-flex e-con-boxed e-con e-parent\" data-id=\"9fb2bfa\" data-element_type=\"container\" data-e-type=\"container\" data-settings=\"{&quot;background_background&quot;:&quot;classic&quot;}\">\n\t\t\t\t\t<div class=\"e-con-inner\">\n\t\t\t\t<div class=\"elementor-element elementor-element-d6714e3 elementor-widget elementor-widget-heading\" data-id=\"d6714e3\" data-element_type=\"widget\" data-e-type=\"widget\" data-widget_type=\"heading.default\">\n\t\t\t\t<div class=\"elementor-widget-container\">\n\t\t\t\t\t<h2 class=\"elementor-heading-title elementor-size-default\">\u00c7evrimi\u00e7i Kurslar ve E-\u00d6\u011frenme<\/h2>\t\t\t\t<\/div>\n\t\t\t\t<\/div>\n\t\t\t\t<div class=\"elementor-element elementor-element-dd7e888 elementor-widget elementor-widget-text-editor\" data-id=\"dd7e888\" data-element_type=\"widget\" data-e-type=\"widget\" data-widget_type=\"text-editor.default\">\n\t\t\t\t<div class=\"elementor-widget-container\">\n\t\t\t\t\t\t\t\t\t<p><span style=\"font-weight: 400;\">Kitlesel A\u00e7\u0131k \u00c7evrimi\u00e7i Kurs, kat\u0131l\u0131mc\u0131lar\u0131n ihtiya\u00e7lar\u0131 ve motivasyonlar\u0131 do\u011frultusunda e-\u00f6\u011frenme kurslar\u0131n\u0131 se\u00e7melerini sa\u011flayan i\u015f birlik\u00e7i \u00f6\u011frenme ortam\u0131d\u0131r. Kullan\u0131c\u0131lar, \u00f6\u011frenme hedeflerini desteklemek ders i\u00e7erikleri yan\u0131nda \u00e7evrimi\u00e7i testler bulacaklard\u0131r.<\/span><\/p>\t\t\t\t\t\t\t\t<\/div>\n\t\t\t\t<\/div>\n\t\t\t\t<div class=\"elementor-element elementor-element-4a5c562 elementor-widget elementor-widget-button\" data-id=\"4a5c562\" data-element_type=\"widget\" data-e-type=\"widget\" data-widget_type=\"button.default\">\n\t\t\t\t<div class=\"elementor-widget-container\">\n\t\t\t\t\t\t\t\t\t<div class=\"elementor-button-wrapper\">\n\t\t\t\t\t<a class=\"elementor-button elementor-button-link elementor-size-lg\" href=\"https:\/\/platform.remote-net.eu\/catalog\/onlinecourse\" target=\"_blank\">\n\t\t\t\t\t\t<span class=\"elementor-button-content-wrapper\">\n\t\t\t\t\t\t\t\t\t<span class=\"elementor-button-text\">Kurs katalo\u011funa git<\/span>\n\t\t\t\t\t<\/span>\n\t\t\t\t\t<\/a>\n\t\t\t\t<\/div>\n\t\t\t\t\t\t\t\t<\/div>\n\t\t\t\t<\/div>\n\t\t\t\t\t<\/div>\n\t\t\t\t<\/div>\n\t\t\t\t<\/div>\n\t\t","protected":false},"excerpt":{"rendered":"<p>\u00c7evrimi\u00e7i Kurslar ve E-\u00d6\u011frenme Kitlesel A\u00e7\u0131k \u00c7evrimi\u00e7i Kurs, kat\u0131l\u0131mc\u0131lar\u0131n ihtiya\u00e7lar\u0131 ve motivasyonlar\u0131 do\u011frultusunda e-\u00f6\u011frenme kurslar\u0131n\u0131 se\u00e7melerini sa\u011flayan i\u015f birlik\u00e7i \u00f6\u011frenme ortam\u0131d\u0131r. Kullan\u0131c\u0131lar, \u00f6\u011frenme hedeflerini desteklemek ders i\u00e7erikleri yan\u0131nda \u00e7evrimi\u00e7i testler bulacaklard\u0131r. Kurs katalo\u011funa git<\/p>\n","protected":false},"author":2,"featured_media":0,"parent":0,"menu_order":0,"comment_status":"closed","ping_status":"closed","template":"","meta":{"_mi_skip_tracking":false,"_monsterinsights_sitenote_active":false,"_monsterinsights_sitenote_note":"","_monsterinsights_sitenote_category":0,"footnotes":""},"class_list":["post-394","page","type-page","status-publish","hentry"],"_links":{"self":[{"href":"https:\/\/remote-net.eu\/tr\/wp-json\/wp\/v2\/pages\/394","targetHints":{"allow":["GET"]}}],"collection":[{"href":"https:\/\/remote-net.eu\/tr\/wp-json\/wp\/v2\/pages"}],"about":[{"href":"https:\/\/remote-net.eu\/tr\/wp-json\/wp\/v2\/types\/page"}],"author":[{"embeddable":true,"href":"https:\/\/remote-net.eu\/tr\/wp-json\/wp\/v2\/users\/2"}],"replies":[{"embeddable":true,"href":"https:\/\/remote-net.eu\/tr\/wp-json\/wp\/v2\/comments?post=394"}],"version-history":[{"count":7,"href":"https:\/\/remote-net.eu\/tr\/wp-json\/wp\/v2\/pages\/394\/revisions"}],"predecessor-version":[{"id":633,"href":"https:\/\/remote-net.eu\/tr\/wp-json\/wp\/v2\/pages\/394\/revisions\/633"}],"wp:attachment":[{"href":"https:\/\/remote-net.eu\/tr\/wp-json\/wp\/v2\/media?parent=394"}],"curies":[{"name":"wp","href":"https:\/\/api.w.org\/{rel}","templated":true}]}}