{"id":389,"date":"2022-10-03T11:30:50","date_gmt":"2022-10-03T09:30:50","guid":{"rendered":"https:\/\/remote-net.eu\/?page_id=389"},"modified":"2023-03-31T11:36:11","modified_gmt":"2023-03-31T09:36:11","slug":"dijital-is-istasyonu","status":"publish","type":"page","link":"https:\/\/remote-net.eu\/tr\/dijital-is-istasyonu\/","title":{"rendered":"Dijital i\u015f istasyonu"},"content":{"rendered":"\t\t<div data-elementor-type=\"wp-page\" data-elementor-id=\"389\" class=\"elementor elementor-389 elementor-17\" data-elementor-post-type=\"page\">\n\t\t\t\t<div class=\"elementor-element elementor-element-f0f394c e-flex e-con-boxed e-con e-parent\" data-id=\"f0f394c\" data-element_type=\"container\" data-e-type=\"container\" data-settings=\"{&quot;background_background&quot;:&quot;classic&quot;}\">\n\t\t\t\t\t<div class=\"e-con-inner\">\n\t\t\t\t<div class=\"elementor-element elementor-element-64c4a32 elementor-widget elementor-widget-heading\" data-id=\"64c4a32\" data-element_type=\"widget\" data-e-type=\"widget\" data-widget_type=\"heading.default\">\n\t\t\t\t<div class=\"elementor-widget-container\">\n\t\t\t\t\t<h2 class=\"elementor-heading-title elementor-size-default\">Dijital i\u015f istasyonu<\/h2>\t\t\t\t<\/div>\n\t\t\t\t<\/div>\n\t\t\t\t<div class=\"elementor-element elementor-element-1199ec2 elementor-widget elementor-widget-text-editor\" data-id=\"1199ec2\" data-element_type=\"widget\" data-e-type=\"widget\" data-widget_type=\"text-editor.default\">\n\t\t\t\t<div class=\"elementor-widget-container\">\n\t\t\t\t\t\t\t\t\t<p><span style=\"font-weight: 400;\">RemoteNET projesine ait \u2018Uzaktan \u00c7al\u0131\u015fma i\u00e7in Dijital \u0130\u015f \u0130stasyonu\u2019, proje \u00f6\u011frenme \u00e7\u0131kt\u0131lar\u0131n\u0131n tan\u0131mland\u0131\u011f\u0131 bilgi i\u015flem teknolojileri tabanl\u0131 bir dijital \u00e7al\u0131\u015fma platformudur.<\/span><\/p>\t\t\t\t\t\t\t\t<\/div>\n\t\t\t\t<\/div>\n\t\t\t\t<div class=\"elementor-element elementor-element-4d017cd elementor-widget elementor-widget-button\" data-id=\"4d017cd\" data-element_type=\"widget\" data-e-type=\"widget\" data-widget_type=\"button.default\">\n\t\t\t\t<div class=\"elementor-widget-container\">\n\t\t\t\t\t\t\t\t\t<div class=\"elementor-button-wrapper\">\n\t\t\t\t\t<a class=\"elementor-button elementor-button-link elementor-size-lg\" href=\"https:\/\/platform.remote-net.eu\/\" target=\"_blank\">\n\t\t\t\t\t\t<span class=\"elementor-button-content-wrapper\">\n\t\t\t\t\t\t\t\t\t<span class=\"elementor-button-text\">Kat\u0131l\u0131n<\/span>\n\t\t\t\t\t<\/span>\n\t\t\t\t\t<\/a>\n\t\t\t\t<\/div>\n\t\t\t\t\t\t\t\t<\/div>\n\t\t\t\t<\/div>\n\t\t\t\t\t<\/div>\n\t\t\t\t<\/div>\n\t\t\t\t<\/div>\n\t\t","protected":false},"excerpt":{"rendered":"<p>Dijital i\u015f istasyonu RemoteNET projesine ait \u2018Uzaktan \u00c7al\u0131\u015fma i\u00e7in Dijital \u0130\u015f \u0130stasyonu\u2019, proje \u00f6\u011frenme \u00e7\u0131kt\u0131lar\u0131n\u0131n tan\u0131mland\u0131\u011f\u0131 bilgi i\u015flem teknolojileri tabanl\u0131 bir dijital \u00e7al\u0131\u015fma platformudur. Kat\u0131l\u0131n<\/p>\n","protected":false},"author":2,"featured_media":0,"parent":0,"menu_order":0,"comment_status":"closed","ping_status":"closed","template":"","meta":{"_mi_skip_tracking":false,"_monsterinsights_sitenote_active":false,"_monsterinsights_sitenote_note":"","_monsterinsights_sitenote_category":0,"footnotes":""},"class_list":["post-389","page","type-page","status-publish","hentry"],"_links":{"self":[{"href":"https:\/\/remote-net.eu\/tr\/wp-json\/wp\/v2\/pages\/389","targetHints":{"allow":["GET"]}}],"collection":[{"href":"https:\/\/remote-net.eu\/tr\/wp-json\/wp\/v2\/pages"}],"about":[{"href":"https:\/\/remote-net.eu\/tr\/wp-json\/wp\/v2\/types\/page"}],"author":[{"embeddable":true,"href":"https:\/\/remote-net.eu\/tr\/wp-json\/wp\/v2\/users\/2"}],"replies":[{"embeddable":true,"href":"https:\/\/remote-net.eu\/tr\/wp-json\/wp\/v2\/comments?post=389"}],"version-history":[{"count":4,"href":"https:\/\/remote-net.eu\/tr\/wp-json\/wp\/v2\/pages\/389\/revisions"}],"predecessor-version":[{"id":393,"href":"https:\/\/remote-net.eu\/tr\/wp-json\/wp\/v2\/pages\/389\/revisions\/393"}],"wp:attachment":[{"href":"https:\/\/remote-net.eu\/tr\/wp-json\/wp\/v2\/media?parent=389"}],"curies":[{"name":"wp","href":"https:\/\/api.w.org\/{rel}","templated":true}]}}