{"id":384,"date":"2022-10-03T11:30:36","date_gmt":"2022-10-03T09:30:36","guid":{"rendered":"https:\/\/remote-net.eu\/?page_id=384"},"modified":"2023-03-31T14:38:12","modified_gmt":"2023-03-31T12:38:12","slug":"konsorsiyum","status":"publish","type":"page","link":"https:\/\/remote-net.eu\/tr\/konsorsiyum\/","title":{"rendered":"Konsorsiyum"},"content":{"rendered":"\t\t<div data-elementor-type=\"wp-page\" data-elementor-id=\"384\" class=\"elementor elementor-384 elementor-15\" data-elementor-post-type=\"page\">\n\t\t\t\t<div class=\"elementor-element elementor-element-9d1f280 e-flex e-con-boxed e-con e-parent\" data-id=\"9d1f280\" data-element_type=\"container\" data-e-type=\"container\" data-settings=\"{&quot;background_background&quot;:&quot;classic&quot;}\">\n\t\t\t\t\t<div class=\"e-con-inner\">\n\t\t\t\t<div class=\"elementor-element elementor-element-9fe571b elementor-widget elementor-widget-heading\" data-id=\"9fe571b\" data-element_type=\"widget\" data-e-type=\"widget\" data-widget_type=\"heading.default\">\n\t\t\t\t<div class=\"elementor-widget-container\">\n\t\t\t\t\t<h2 class=\"elementor-heading-title elementor-size-default\">Koordinat\u00f6r ve Ortaklar<\/h2>\t\t\t\t<\/div>\n\t\t\t\t<\/div>\n\t\t\t\t\t<\/div>\n\t\t\t\t<\/div>\n\t\t<div class=\"elementor-element elementor-element-6156039 e-flex e-con-boxed e-con e-parent\" data-id=\"6156039\" data-element_type=\"container\" data-e-type=\"container\">\n\t\t\t\t\t<div class=\"e-con-inner\">\n\t\t<div class=\"elementor-element elementor-element-f69b8c8 e-con-full e-flex e-con e-parent\" data-id=\"f69b8c8\" data-element_type=\"container\" data-e-type=\"container\">\n\t\t\t\t<div class=\"elementor-element elementor-element-c649436 elementor-widget elementor-widget-image\" data-id=\"c649436\" data-element_type=\"widget\" data-e-type=\"widget\" data-widget_type=\"image.default\">\n\t\t\t\t<div class=\"elementor-widget-container\">\n\t\t\t\t\t\t\t\t\t\t\t\t\t\t\t<img fetchpriority=\"high\" decoding=\"async\" width=\"291\" height=\"291\" src=\"https:\/\/remote-net.eu\/wp-content\/uploads\/2022\/10\/Senza-titolo.png\" class=\"attachment-large size-large wp-image-193\" alt=\"\" srcset=\"https:\/\/remote-net.eu\/wp-content\/uploads\/2022\/10\/Senza-titolo.png 291w, https:\/\/remote-net.eu\/wp-content\/uploads\/2022\/10\/Senza-titolo-150x150.png 150w\" sizes=\"(max-width: 291px) 100vw, 291px\" \/>\t\t\t\t\t\t\t\t\t\t\t\t\t\t\t<\/div>\n\t\t\t\t<\/div>\n\t\t\t\t<div class=\"elementor-element elementor-element-2e20620 elementor-align-center elementor-icon-list--layout-traditional elementor-list-item-link-full_width elementor-widget elementor-widget-icon-list\" data-id=\"2e20620\" data-element_type=\"widget\" data-e-type=\"widget\" data-widget_type=\"icon-list.default\">\n\t\t\t\t<div class=\"elementor-widget-container\">\n\t\t\t\t\t\t\t<ul class=\"elementor-icon-list-items\">\n\t\t\t\t\t\t\t<li class=\"elementor-icon-list-item\">\n\t\t\t\t\t\t\t\t\t\t\t<a href=\"http:\/\/www.istanbul.edu.tr\" target=\"_blank\">\n\n\t\t\t\t\t\t\t\t\t\t\t\t<span class=\"elementor-icon-list-icon\">\n\t\t\t\t\t\t\t<i aria-hidden=\"true\" class=\"fas fa-globe\"><\/i>\t\t\t\t\t\t<\/span>\n\t\t\t\t\t\t\t\t\t\t<span class=\"elementor-icon-list-text\">www.istanbul.edu.tr <\/span>\n\t\t\t\t\t\t\t\t\t\t\t<\/a>\n\t\t\t\t\t\t\t\t\t<\/li>\n\t\t\t\t\t\t<\/ul>\n\t\t\t\t\t\t<\/div>\n\t\t\t\t<\/div>\n\t\t\t\t<\/div>\n\t\t<div class=\"elementor-element elementor-element-bfda085 e-con-full e-flex e-con e-parent\" data-id=\"bfda085\" data-element_type=\"container\" data-e-type=\"container\">\n\t\t\t\t<div class=\"elementor-element elementor-element-ae628b5 elementor-widget elementor-widget-text-editor\" data-id=\"ae628b5\" data-element_type=\"widget\" data-e-type=\"widget\" data-widget_type=\"text-editor.default\">\n\t\t\t\t<div class=\"elementor-widget-container\">\n\t\t\t\t\t\t\t\t\t<p><strong>Istanbul Universitesi (TUR)<\/strong>: \u0130stanbul \u00dcniversitesi (TUR): 1453 y\u0131l\u0131nda kurulan \u0130stanbul \u00dcniversitesi, T\u00fcrkiye&#8217;nin ilk ve en k\u00f6kl\u00fc kurumlar\u0131 aras\u0131nda yer almaktad\u0131r. \u00c7e\u015fitli alanlarda b\u00f6l\u00fcmleri ve ara\u015ft\u0131rma merkezleri bulunmaktad\u0131r. Buna g\u00f6re: 15 Fak\u00fclte, 1 Konservatuar, 2 Meslek Y\u00fcksekokulu, 12 Lisans\u00fcst\u00fc Enstit\u00fc vard\u0131r. \u0130stanbul \u00dcniversitesi, 2011 y\u0131l\u0131nda D\u00fcnya \u00dcniversiteleri Akademik S\u0131ralamas\u0131&#8217;na g\u00f6re ilk 400 \u00fcniversite aras\u0131nda yer alarak ilk 500&#8217;deki tek T\u00fcrk \u00fcniversitesi olmu\u015ftur. AB ve di\u011fer uluslararas\u0131 projelerle ilgili geni\u015f bir proje y\u00fcr\u00fctme tecr\u00fcbesine sahiptir. Uzun y\u0131llard\u0131r Horizon2020, ERA-NET, Erasmus+, Horizon Europe ve di\u011fer programlar kapsam\u0131nda \u00e7e\u015fitli projeleri y\u00f6netmi\u015f ve y\u00f6netmeye devam etmektedir.<\/p>\t\t\t\t\t\t\t\t<\/div>\n\t\t\t\t<\/div>\n\t\t\t\t<\/div>\n\t\t\t\t\t<\/div>\n\t\t\t\t<\/div>\n\t\t<div class=\"elementor-element elementor-element-f89739f e-flex e-con-boxed e-con e-parent\" data-id=\"f89739f\" data-element_type=\"container\" data-e-type=\"container\" data-settings=\"{&quot;background_background&quot;:&quot;classic&quot;}\">\n\t\t\t\t\t<div class=\"e-con-inner\">\n\t\t<div class=\"elementor-element elementor-element-d39f0d0 e-con-full e-flex e-con e-parent\" data-id=\"d39f0d0\" data-element_type=\"container\" data-e-type=\"container\">\n\t\t\t\t<div class=\"elementor-element elementor-element-a0b9bf1 elementor-widget elementor-widget-image\" data-id=\"a0b9bf1\" data-element_type=\"widget\" data-e-type=\"widget\" data-widget_type=\"image.default\">\n\t\t\t\t<div class=\"elementor-widget-container\">\n\t\t\t\t\t\t\t\t\t\t\t\t\t\t\t<img decoding=\"async\" width=\"445\" height=\"295\" src=\"https:\/\/remote-net.eu\/wp-content\/uploads\/2022\/10\/4-2.png\" class=\"attachment-large size-large wp-image-221\" alt=\"\" srcset=\"https:\/\/remote-net.eu\/wp-content\/uploads\/2022\/10\/4-2.png 445w, https:\/\/remote-net.eu\/wp-content\/uploads\/2022\/10\/4-2-300x199.png 300w\" sizes=\"(max-width: 445px) 100vw, 445px\" \/>\t\t\t\t\t\t\t\t\t\t\t\t\t\t\t<\/div>\n\t\t\t\t<\/div>\n\t\t\t\t<div class=\"elementor-element elementor-element-0c9e6ef elementor-align-center elementor-icon-list--layout-traditional elementor-list-item-link-full_width elementor-widget elementor-widget-icon-list\" data-id=\"0c9e6ef\" data-element_type=\"widget\" data-e-type=\"widget\" data-widget_type=\"icon-list.default\">\n\t\t\t\t<div class=\"elementor-widget-container\">\n\t\t\t\t\t\t\t<ul class=\"elementor-icon-list-items\">\n\t\t\t\t\t\t\t<li class=\"elementor-icon-list-item\">\n\t\t\t\t\t\t\t\t\t\t\t<a href=\"http:\/\/www.bcci.bg\" target=\"_blank\">\n\n\t\t\t\t\t\t\t\t\t\t\t\t<span class=\"elementor-icon-list-icon\">\n\t\t\t\t\t\t\t<i aria-hidden=\"true\" class=\"fas fa-globe\"><\/i>\t\t\t\t\t\t<\/span>\n\t\t\t\t\t\t\t\t\t\t<span class=\"elementor-icon-list-text\">www.bcci.bg <\/span>\n\t\t\t\t\t\t\t\t\t\t\t<\/a>\n\t\t\t\t\t\t\t\t\t<\/li>\n\t\t\t\t\t\t<\/ul>\n\t\t\t\t\t\t<\/div>\n\t\t\t\t<\/div>\n\t\t\t\t<\/div>\n\t\t<div class=\"elementor-element elementor-element-21910f1 e-con-full e-flex e-con e-parent\" data-id=\"21910f1\" data-element_type=\"container\" data-e-type=\"container\">\n\t\t\t\t<div class=\"elementor-element elementor-element-ce2f21c elementor-widget elementor-widget-text-editor\" data-id=\"ce2f21c\" data-element_type=\"widget\" data-e-type=\"widget\" data-widget_type=\"text-editor.default\">\n\t\t\t\t<div class=\"elementor-widget-container\">\n\t\t\t\t\t\t\t\t\t<p><strong>Sdruzhenie Bulgarska Targovsko-Promishlena Palata (BUL)<\/strong>:1895 y\u0131l\u0131nda kurulmu\u015ftur ve Bulgaristan&#8217;\u0131n en b\u00fcy\u00fck ve en eski i\u015fveren \u00f6rg\u00fct\u00fcd\u00fcr. Uluslararas\u0131 ekonomik i\u015fbirliklerinin geli\u015ftirilmesine katk\u0131da bulunma, \u00fcyelerinin ticari \u00e7\u0131karlar\u0131n\u0131n desteklenmesi, te\u015fvik edilmesi, temsil edilmesi ve korunmas\u0131na y\u00f6nelik ba\u011f\u0131ms\u0131z bir sivil toplum kurulu\u015fu olarak faaliyetlerini s\u00fcrd\u00fcrmektedir. BBCI, \u00e7ok say\u0131da projeyi y\u00f6netmi\u015f, konferanslar, e\u011fitimler, \u00e7al\u0131\u015ftaylar ve e\u015fle\u015ftirme etkinlikleri d\u00fczenleyerek Bulgar \u015firketlerinin ve start-up&#8217;lar\u0131n inovasyon performans\u0131n\u0131 ve dijitalle\u015fmesini te\u015fvik etmektedir. BCCI, AB taraf\u0131ndan finanse edilen \u00e7ok say\u0131da projede ileti\u015fim faaliyetlerinin lideri olarak deneyim sahibidir.<\/p>\t\t\t\t\t\t\t\t<\/div>\n\t\t\t\t<\/div>\n\t\t\t\t<\/div>\n\t\t\t\t\t<\/div>\n\t\t\t\t<\/div>\n\t\t<div class=\"elementor-element elementor-element-817c90f e-flex e-con-boxed e-con e-parent\" data-id=\"817c90f\" data-element_type=\"container\" data-e-type=\"container\">\n\t\t\t\t\t<div class=\"e-con-inner\">\n\t\t<div class=\"elementor-element elementor-element-3971f8b e-con-full e-flex e-con e-parent\" data-id=\"3971f8b\" data-element_type=\"container\" data-e-type=\"container\">\n\t\t\t\t<div class=\"elementor-element elementor-element-656b01b elementor-widget elementor-widget-image\" data-id=\"656b01b\" data-element_type=\"widget\" data-e-type=\"widget\" data-widget_type=\"image.default\">\n\t\t\t\t<div class=\"elementor-widget-container\">\n\t\t\t\t\t\t\t\t\t\t\t\t\t\t\t<img decoding=\"async\" width=\"293\" height=\"293\" src=\"https:\/\/remote-net.eu\/wp-content\/uploads\/2022\/10\/2.png\" class=\"attachment-large size-large wp-image-208\" alt=\"\" srcset=\"https:\/\/remote-net.eu\/wp-content\/uploads\/2022\/10\/2.png 293w, https:\/\/remote-net.eu\/wp-content\/uploads\/2022\/10\/2-150x150.png 150w\" sizes=\"(max-width: 293px) 100vw, 293px\" \/>\t\t\t\t\t\t\t\t\t\t\t\t\t\t\t<\/div>\n\t\t\t\t<\/div>\n\t\t\t\t<div class=\"elementor-element elementor-element-60f4f47 elementor-align-center elementor-icon-list--layout-traditional elementor-list-item-link-full_width elementor-widget elementor-widget-icon-list\" data-id=\"60f4f47\" data-element_type=\"widget\" data-e-type=\"widget\" data-widget_type=\"icon-list.default\">\n\t\t\t\t<div class=\"elementor-widget-container\">\n\t\t\t\t\t\t\t<ul class=\"elementor-icon-list-items\">\n\t\t\t\t\t\t\t<li class=\"elementor-icon-list-item\">\n\t\t\t\t\t\t\t\t\t\t\t<a href=\"http:\/\/www.hakis.org.tr\" target=\"_blank\">\n\n\t\t\t\t\t\t\t\t\t\t\t\t<span class=\"elementor-icon-list-icon\">\n\t\t\t\t\t\t\t<i aria-hidden=\"true\" class=\"fas fa-globe\"><\/i>\t\t\t\t\t\t<\/span>\n\t\t\t\t\t\t\t\t\t\t<span class=\"elementor-icon-list-text\">www.hakis.org.tr<\/span>\n\t\t\t\t\t\t\t\t\t\t\t<\/a>\n\t\t\t\t\t\t\t\t\t<\/li>\n\t\t\t\t\t\t<\/ul>\n\t\t\t\t\t\t<\/div>\n\t\t\t\t<\/div>\n\t\t\t\t<\/div>\n\t\t<div class=\"elementor-element elementor-element-1c32ba3 e-con-full e-flex e-con e-parent\" data-id=\"1c32ba3\" data-element_type=\"container\" data-e-type=\"container\">\n\t\t\t\t<div class=\"elementor-element elementor-element-3e67c28 elementor-widget elementor-widget-text-editor\" data-id=\"3e67c28\" data-element_type=\"widget\" data-e-type=\"widget\" data-widget_type=\"text-editor.default\">\n\t\t\t\t<div class=\"elementor-widget-container\">\n\t\t\t\t\t\t\t\t\t<p><strong>Hak-\u0130\u015f \u0130\u015f\u00e7i Sendikalari Konfederasyonu (TUR)<\/strong>:<br \/>HAK-\u0130\u015e \u0130\u015f\u00e7i Sendikalar\u0131 Konfederasyonu 1976 y\u0131l\u0131nda Ankara&#8217;da kurulmu\u015ftur. ETUC (Avrupa Sendikalar Konfederasyonu) ve ITUC (Uluslararas\u0131 Sendikalar Konfederasyonu) \u00fcyesidir. HAK-\u0130\u015e, yerel ve uluslararas\u0131 \u00f6l\u00e7ekte devam eden siyasi, ekonomik, k\u00fclt\u00fcrel ve sosyal de\u011fi\u015fim ve d\u00f6n\u00fc\u015f\u00fcm s\u00fcre\u00e7lerinin yan\u0131 s\u0131ra, T\u00fcrkiye sendikal hareketinde yeniden yap\u0131lanma s\u00fcrecine dahil olarak, alternatif \u00e7\u00f6z\u00fcmler \u00fcretmek, yeni modeller olu\u015fturmak ve yeni kal\u0131plara \u00f6nc\u00fcl\u00fck etmek i\u00e7in aktif roller \u00fcstlenecek ve \u00e7\u00f6z\u00fcm i\u00e7in etkin mekanizmalar kuracak yeni bir yakla\u015f\u0131ma \u00f6zel \u00f6nem vermektedir. Hem ulusal hem de uluslararas\u0131 d\u00fczeyde \u00e7e\u015fitli projelerde yer alm\u0131\u015ft\u0131r.<\/p>\t\t\t\t\t\t\t\t<\/div>\n\t\t\t\t<\/div>\n\t\t\t\t<\/div>\n\t\t\t\t\t<\/div>\n\t\t\t\t<\/div>\n\t\t<div class=\"elementor-element elementor-element-e0723fe e-flex e-con-boxed e-con e-parent\" data-id=\"e0723fe\" data-element_type=\"container\" data-e-type=\"container\" data-settings=\"{&quot;background_background&quot;:&quot;classic&quot;}\">\n\t\t\t\t\t<div class=\"e-con-inner\">\n\t\t<div class=\"elementor-element elementor-element-fa8faad e-con-full e-flex e-con e-parent\" data-id=\"fa8faad\" data-element_type=\"container\" data-e-type=\"container\">\n\t\t\t\t<div class=\"elementor-element elementor-element-be43214 elementor-widget elementor-widget-image\" data-id=\"be43214\" data-element_type=\"widget\" data-e-type=\"widget\" data-widget_type=\"image.default\">\n\t\t\t\t<div class=\"elementor-widget-container\">\n\t\t\t\t\t\t\t\t\t\t\t\t\t\t\t<img loading=\"lazy\" decoding=\"async\" width=\"600\" height=\"400\" src=\"https:\/\/remote-net.eu\/wp-content\/uploads\/2022\/10\/ankara-kalkinma-ajansi.png-.png\" class=\"attachment-large size-large wp-image-238\" alt=\"\" srcset=\"https:\/\/remote-net.eu\/wp-content\/uploads\/2022\/10\/ankara-kalkinma-ajansi.png-.png 600w, https:\/\/remote-net.eu\/wp-content\/uploads\/2022\/10\/ankara-kalkinma-ajansi.png--300x200.png 300w\" sizes=\"(max-width: 600px) 100vw, 600px\" \/>\t\t\t\t\t\t\t\t\t\t\t\t\t\t\t<\/div>\n\t\t\t\t<\/div>\n\t\t\t\t<div class=\"elementor-element elementor-element-061e388 elementor-align-center elementor-icon-list--layout-traditional elementor-list-item-link-full_width elementor-widget elementor-widget-icon-list\" data-id=\"061e388\" data-element_type=\"widget\" data-e-type=\"widget\" data-widget_type=\"icon-list.default\">\n\t\t\t\t<div class=\"elementor-widget-container\">\n\t\t\t\t\t\t\t<ul class=\"elementor-icon-list-items\">\n\t\t\t\t\t\t\t<li class=\"elementor-icon-list-item\">\n\t\t\t\t\t\t\t\t\t\t\t<a href=\"http:\/\/www.ankaraka.org.tr\" target=\"_blank\">\n\n\t\t\t\t\t\t\t\t\t\t\t\t<span class=\"elementor-icon-list-icon\">\n\t\t\t\t\t\t\t<i aria-hidden=\"true\" class=\"fas fa-globe\"><\/i>\t\t\t\t\t\t<\/span>\n\t\t\t\t\t\t\t\t\t\t<span class=\"elementor-icon-list-text\">www.ankaraka.org.tr<\/span>\n\t\t\t\t\t\t\t\t\t\t\t<\/a>\n\t\t\t\t\t\t\t\t\t<\/li>\n\t\t\t\t\t\t<\/ul>\n\t\t\t\t\t\t<\/div>\n\t\t\t\t<\/div>\n\t\t\t\t<\/div>\n\t\t<div class=\"elementor-element elementor-element-8b84d26 e-con-full e-flex e-con e-parent\" data-id=\"8b84d26\" data-element_type=\"container\" data-e-type=\"container\">\n\t\t\t\t<div class=\"elementor-element elementor-element-747433f elementor-widget elementor-widget-text-editor\" data-id=\"747433f\" data-element_type=\"widget\" data-e-type=\"widget\" data-widget_type=\"text-editor.default\">\n\t\t\t\t<div class=\"elementor-widget-container\">\n\t\t\t\t\t\t\t\t\t<p><strong>Ankara Kalkinma Ajansi (TUR)<\/strong>: Ankara Kalk\u0131nma Ajans\u0131 (AKA), Sanayi ve Teknoloji Bakanl\u0131\u011f\u0131&#8217;na ba\u011fl\u0131 26 b\u00f6lgesel kalk\u0131nma ajans\u0131 aras\u0131nda yer alan bir kamu kurulu\u015fudur. Misyonu, projelerin geli\u015ftirilmesi ve uygulanmas\u0131 i\u00e7in destek sa\u011flayan bir merkez olmak, yenilik\u00e7i ve s\u00fcrd\u00fcr\u00fclebilir kalk\u0131nma modellerini uyarlayarak yeni stratejiler ger\u00e7ekle\u015ftirmektir. ADA, 2010 y\u0131l\u0131ndan bu yana 5000&#8217;den fazla i\u015fletmeye mali destek sa\u011flam\u0131\u015ft\u0131r. ADA, mali destek programlar\u0131n\u0131n geleneksel y\u00f6ntemlerle uygulanmas\u0131n\u0131n yan\u0131 s\u0131ra, giri\u015fimcilik ve yenilik\u00e7ilik ekosistemlerinin sorunlar\u0131na kar\u015f\u0131 yerelde \u00f6zg\u00fcn \u00e7\u00f6z\u00fcmler \u00fcretmek amac\u0131yla a\u011f olu\u015fturma platformlar\u0131 kurmakta ve sekt\u00f6r bazl\u0131 i\u015fbirli\u011fi faaliyetleri d\u00fczenlemektedir.<\/p>\t\t\t\t\t\t\t\t<\/div>\n\t\t\t\t<\/div>\n\t\t\t\t<\/div>\n\t\t\t\t\t<\/div>\n\t\t\t\t<\/div>\n\t\t<div class=\"elementor-element elementor-element-0e1912c e-flex e-con-boxed e-con e-parent\" data-id=\"0e1912c\" data-element_type=\"container\" data-e-type=\"container\">\n\t\t\t\t\t<div class=\"e-con-inner\">\n\t\t<div class=\"elementor-element elementor-element-078761a e-con-full e-flex e-con e-parent\" data-id=\"078761a\" data-element_type=\"container\" data-e-type=\"container\">\n\t\t\t\t<div class=\"elementor-element elementor-element-8d2bfb0 elementor-widget elementor-widget-image\" data-id=\"8d2bfb0\" data-element_type=\"widget\" data-e-type=\"widget\" data-widget_type=\"image.default\">\n\t\t\t\t<div class=\"elementor-widget-container\">\n\t\t\t\t\t\t\t\t\t\t\t\t\t\t\t<img loading=\"lazy\" decoding=\"async\" width=\"337\" height=\"229\" src=\"https:\/\/remote-net.eu\/wp-content\/uploads\/2022\/10\/3.png\" class=\"attachment-large size-large wp-image-213\" alt=\"\" srcset=\"https:\/\/remote-net.eu\/wp-content\/uploads\/2022\/10\/3.png 337w, https:\/\/remote-net.eu\/wp-content\/uploads\/2022\/10\/3-300x204.png 300w\" sizes=\"(max-width: 337px) 100vw, 337px\" \/>\t\t\t\t\t\t\t\t\t\t\t\t\t\t\t<\/div>\n\t\t\t\t<\/div>\n\t\t\t\t<div class=\"elementor-element elementor-element-e93262c elementor-align-center elementor-icon-list--layout-traditional elementor-list-item-link-full_width elementor-widget elementor-widget-icon-list\" data-id=\"e93262c\" data-element_type=\"widget\" data-e-type=\"widget\" data-widget_type=\"icon-list.default\">\n\t\t\t\t<div class=\"elementor-widget-container\">\n\t\t\t\t\t\t\t<ul class=\"elementor-icon-list-items\">\n\t\t\t\t\t\t\t<li class=\"elementor-icon-list-item\">\n\t\t\t\t\t\t\t\t\t\t\t<a href=\"http:\/\/www.fetico.es\" target=\"_blank\">\n\n\t\t\t\t\t\t\t\t\t\t\t\t<span class=\"elementor-icon-list-icon\">\n\t\t\t\t\t\t\t<i aria-hidden=\"true\" class=\"fas fa-globe\"><\/i>\t\t\t\t\t\t<\/span>\n\t\t\t\t\t\t\t\t\t\t<span class=\"elementor-icon-list-text\">www.fetico.es <\/span>\n\t\t\t\t\t\t\t\t\t\t\t<\/a>\n\t\t\t\t\t\t\t\t\t<\/li>\n\t\t\t\t\t\t<\/ul>\n\t\t\t\t\t\t<\/div>\n\t\t\t\t<\/div>\n\t\t\t\t<\/div>\n\t\t<div class=\"elementor-element elementor-element-7262282 e-con-full e-flex e-con e-parent\" data-id=\"7262282\" data-element_type=\"container\" data-e-type=\"container\">\n\t\t\t\t<div class=\"elementor-element elementor-element-3f5bab4 elementor-widget elementor-widget-text-editor\" data-id=\"3f5bab4\" data-element_type=\"widget\" data-e-type=\"widget\" data-widget_type=\"text-editor.default\">\n\t\t\t\t<div class=\"elementor-widget-container\">\n\t\t\t\t\t\t\t\t\t<p><strong>Confederacion Sindical Independiente &#8211; FETICO (ESP)<\/strong>: T\u00fcm ekonomik sekt\u00f6rlerden \u00e7al\u0131\u015fanlar\u0131 temsil eden FETICO, e\u011fitim, profesyonel destek ve i\u015f rehberli\u011fi hizmeti yoluyla bireylerin i\u015fg\u00fcc\u00fc piyasas\u0131nda \u00e7al\u0131\u015fma ve sosyal ko\u015fullar\u0131n\u0131 iyile\u015ftirmek i\u00e7in destek sa\u011flayan \u00e7ok sekt\u00f6rl\u00fc bir kurulu\u015ftur. FETICO\u2019nun amac\u0131, e\u011fitim ve istihdam alan\u0131nda dijital yetkinliklerin geli\u015ftirilmesini te\u015fvik etmek olan \u201cAvrupa Dijital Beceriler ve \u0130\u015fler Koalisyonu&#8221; a\u011f\u0131n\u0131n bir par\u00e7as\u0131d\u0131r. Ayr\u0131ca, Avrupa genelinde \u00e7\u0131rakl\u0131k e\u011fitiminin kalitesini, arz\u0131n\u0131 ve genel imaj\u0131n\u0131 g\u00fc\u00e7lendirmek amac\u0131yla h\u00fck\u00fcmetleri ve kilit payda\u015flar\u0131 bir araya getiren &#8220;\u00c7\u0131rakl\u0131k i\u00e7in Avrupa \u0130ttifak\u0131&#8221; \u00fcyesidir.<\/p>\t\t\t\t\t\t\t\t<\/div>\n\t\t\t\t<\/div>\n\t\t\t\t<\/div>\n\t\t\t\t\t<\/div>\n\t\t\t\t<\/div>\n\t\t<div class=\"elementor-element elementor-element-344e311 e-flex e-con-boxed e-con e-parent\" data-id=\"344e311\" data-element_type=\"container\" data-e-type=\"container\" data-settings=\"{&quot;background_background&quot;:&quot;classic&quot;}\">\n\t\t\t\t\t<div class=\"e-con-inner\">\n\t\t<div class=\"elementor-element elementor-element-4d13beb e-con-full e-flex e-con e-parent\" data-id=\"4d13beb\" data-element_type=\"container\" data-e-type=\"container\">\n\t\t\t\t<div class=\"elementor-element elementor-element-363f449 elementor-widget elementor-widget-image\" data-id=\"363f449\" data-element_type=\"widget\" data-e-type=\"widget\" data-widget_type=\"image.default\">\n\t\t\t\t<div class=\"elementor-widget-container\">\n\t\t\t\t\t\t\t\t\t\t\t\t\t\t\t<img loading=\"lazy\" decoding=\"async\" width=\"800\" height=\"800\" src=\"https:\/\/remote-net.eu\/wp-content\/uploads\/2022\/10\/VITECO-Marchio-Quadrato-1024x1024.png\" class=\"attachment-large size-large wp-image-230\" alt=\"\" srcset=\"https:\/\/remote-net.eu\/wp-content\/uploads\/2022\/10\/VITECO-Marchio-Quadrato-1024x1024.png 1024w, https:\/\/remote-net.eu\/wp-content\/uploads\/2022\/10\/VITECO-Marchio-Quadrato-300x300.png 300w, https:\/\/remote-net.eu\/wp-content\/uploads\/2022\/10\/VITECO-Marchio-Quadrato-150x150.png 150w, https:\/\/remote-net.eu\/wp-content\/uploads\/2022\/10\/VITECO-Marchio-Quadrato-768x768.png 768w, https:\/\/remote-net.eu\/wp-content\/uploads\/2022\/10\/VITECO-Marchio-Quadrato-1536x1536.png 1536w, https:\/\/remote-net.eu\/wp-content\/uploads\/2022\/10\/VITECO-Marchio-Quadrato-2048x2048.png 2048w\" sizes=\"(max-width: 800px) 100vw, 800px\" \/>\t\t\t\t\t\t\t\t\t\t\t\t\t\t\t<\/div>\n\t\t\t\t<\/div>\n\t\t\t\t<div class=\"elementor-element elementor-element-9b32c00 elementor-align-center elementor-icon-list--layout-traditional elementor-list-item-link-full_width elementor-widget elementor-widget-icon-list\" data-id=\"9b32c00\" data-element_type=\"widget\" data-e-type=\"widget\" data-widget_type=\"icon-list.default\">\n\t\t\t\t<div class=\"elementor-widget-container\">\n\t\t\t\t\t\t\t<ul class=\"elementor-icon-list-items\">\n\t\t\t\t\t\t\t<li class=\"elementor-icon-list-item\">\n\t\t\t\t\t\t\t\t\t\t\t<a href=\"https:\/\/www.vitecoelearning.eu\/\" target=\"_blank\">\n\n\t\t\t\t\t\t\t\t\t\t\t\t<span class=\"elementor-icon-list-icon\">\n\t\t\t\t\t\t\t<i aria-hidden=\"true\" class=\"fas fa-globe\"><\/i>\t\t\t\t\t\t<\/span>\n\t\t\t\t\t\t\t\t\t\t<span class=\"elementor-icon-list-text\">vitecoelearning.eu<\/span>\n\t\t\t\t\t\t\t\t\t\t\t<\/a>\n\t\t\t\t\t\t\t\t\t<\/li>\n\t\t\t\t\t\t<\/ul>\n\t\t\t\t\t\t<\/div>\n\t\t\t\t<\/div>\n\t\t\t\t<\/div>\n\t\t<div class=\"elementor-element elementor-element-8903f6f e-con-full e-flex e-con e-parent\" data-id=\"8903f6f\" data-element_type=\"container\" data-e-type=\"container\">\n\t\t\t\t<div class=\"elementor-element elementor-element-ee1c3f4 elementor-widget elementor-widget-text-editor\" data-id=\"ee1c3f4\" data-element_type=\"widget\" data-e-type=\"widget\" data-widget_type=\"text-editor.default\">\n\t\t\t\t<div class=\"elementor-widget-container\">\n\t\t\t\t\t\t\t\t\t<p><strong>Vitale Tecnologie Comunicazione &#8211; VITECO SRL (ITA)<\/strong>: Sicilya&#8217;da bulunan bir \u0130talyan KOB\u0130 kurulu\u015fudur. Uzaktan e\u011fitim teknolojileri sa\u011flay\u0131c\u0131 olarak ve a\u00e7\u0131k kaynak e\u011fitim platformlar\u0131 geli\u015ftirme konusunda g\u00fc\u00e7l\u00fc bir uzmanl\u0131\u011fa sahiptir. Bu y\u00f6n\u00fcyle \u2018 e-\u00f6\u011frenme\u2019 sekt\u00f6r\u00fcnde lider olarak faaliyetlerini s\u00fcrd\u00fcrmektedir. Ayr\u0131ca, i\u015fbirli\u011fine dayal\u0131 \u00f6\u011frenme platformlar\u0131 geli\u015ftirmek ve oyunla\u015ft\u0131rma da dahil olmak \u00fczere web tabanl\u0131 e\u011fitim ara\u00e7lar\u0131 tasarlamakta ve \u00fcretmektedir. VITECO, dan\u0131\u015fmanl\u0131k, ara\u015ft\u0131rma ve e\u011fitim-geli\u015ftirme ile dijital ileti\u015fim alanlar\u0131nda uzmanla\u015fm\u0131\u015f 5 \u0130talyan KOB\u0130 ve 2 k\u00e2r amac\u0131 g\u00fctmeyen kurulu\u015ftan olu\u015fan JO Group&#8217;un bir par\u00e7as\u0131d\u0131r. H2020, Interreg Italia-Malta, Intelligent Energy Europe, Erasmus+, COSME, COST vb. gibi bir\u00e7ok Avrupa projesine ve b\u00f6lgesel\/ulusal d\u00fczeydeki programlar\u0131n di\u011fer pek \u00e7ok Ar-Ge projesine kat\u0131l\u0131m sa\u011flamaktad\u0131r<\/p>\t\t\t\t\t\t\t\t<\/div>\n\t\t\t\t<\/div>\n\t\t\t\t<\/div>\n\t\t\t\t\t<\/div>\n\t\t\t\t<\/div>\n\t\t\t\t<\/div>\n\t\t","protected":false},"excerpt":{"rendered":"<p>Koordinat\u00f6r ve Ortaklar www.istanbul.edu.tr Istanbul Universitesi (TUR): \u0130stanbul \u00dcniversitesi (TUR): 1453 y\u0131l\u0131nda kurulan \u0130stanbul \u00dcniversitesi, T\u00fcrkiye&#8217;nin ilk ve en k\u00f6kl\u00fc kurumlar\u0131 aras\u0131nda yer almaktad\u0131r. \u00c7e\u015fitli alanlarda b\u00f6l\u00fcmleri ve ara\u015ft\u0131rma merkezleri bulunmaktad\u0131r. Buna g\u00f6re: 15 Fak\u00fclte, 1 Konservatuar, 2 Meslek Y\u00fcksekokulu, 12 Lisans\u00fcst\u00fc Enstit\u00fc vard\u0131r. \u0130stanbul \u00dcniversitesi, 2011 y\u0131l\u0131nda D\u00fcnya \u00dcniversiteleri Akademik S\u0131ralamas\u0131&#8217;na g\u00f6re ilk 400 [&hellip;]<\/p>\n","protected":false},"author":2,"featured_media":0,"parent":0,"menu_order":0,"comment_status":"closed","ping_status":"closed","template":"","meta":{"_mi_skip_tracking":false,"_monsterinsights_sitenote_active":false,"_monsterinsights_sitenote_note":"","_monsterinsights_sitenote_category":0,"footnotes":""},"class_list":["post-384","page","type-page","status-publish","hentry"],"_links":{"self":[{"href":"https:\/\/remote-net.eu\/tr\/wp-json\/wp\/v2\/pages\/384","targetHints":{"allow":["GET"]}}],"collection":[{"href":"https:\/\/remote-net.eu\/tr\/wp-json\/wp\/v2\/pages"}],"about":[{"href":"https:\/\/remote-net.eu\/tr\/wp-json\/wp\/v2\/types\/page"}],"author":[{"embeddable":true,"href":"https:\/\/remote-net.eu\/tr\/wp-json\/wp\/v2\/users\/2"}],"replies":[{"embeddable":true,"href":"https:\/\/remote-net.eu\/tr\/wp-json\/wp\/v2\/comments?post=384"}],"version-history":[{"count":7,"href":"https:\/\/remote-net.eu\/tr\/wp-json\/wp\/v2\/pages\/384\/revisions"}],"predecessor-version":[{"id":481,"href":"https:\/\/remote-net.eu\/tr\/wp-json\/wp\/v2\/pages\/384\/revisions\/481"}],"wp:attachment":[{"href":"https:\/\/remote-net.eu\/tr\/wp-json\/wp\/v2\/media?parent=384"}],"curies":[{"name":"wp","href":"https:\/\/api.w.org\/{rel}","templated":true}]}}