{"id":431,"date":"2022-10-03T11:30:36","date_gmt":"2022-10-03T09:30:36","guid":{"rendered":"https:\/\/remote-net.eu\/?page_id=431"},"modified":"2023-03-31T14:37:11","modified_gmt":"2023-03-31T12:37:11","slug":"consorzio","status":"publish","type":"page","link":"https:\/\/remote-net.eu\/it\/consorzio\/","title":{"rendered":"Consorzio"},"content":{"rendered":"\t\t<div data-elementor-type=\"wp-page\" data-elementor-id=\"431\" class=\"elementor elementor-431 elementor-15\" data-elementor-post-type=\"page\">\n\t\t\t\t<div class=\"elementor-element elementor-element-9d1f280 e-flex e-con-boxed e-con e-parent\" data-id=\"9d1f280\" data-element_type=\"container\" data-e-type=\"container\" data-settings=\"{&quot;background_background&quot;:&quot;classic&quot;}\">\n\t\t\t\t\t<div class=\"e-con-inner\">\n\t\t\t\t<div class=\"elementor-element elementor-element-9fe571b elementor-widget elementor-widget-heading\" data-id=\"9fe571b\" data-element_type=\"widget\" data-e-type=\"widget\" data-widget_type=\"heading.default\">\n\t\t\t\t<div class=\"elementor-widget-container\">\n\t\t\t\t\t<h2 class=\"elementor-heading-title elementor-size-default\">Coordinatore e partner<\/h2>\t\t\t\t<\/div>\n\t\t\t\t<\/div>\n\t\t\t\t\t<\/div>\n\t\t\t\t<\/div>\n\t\t<div class=\"elementor-element elementor-element-6156039 e-flex e-con-boxed e-con e-parent\" data-id=\"6156039\" data-element_type=\"container\" data-e-type=\"container\">\n\t\t\t\t\t<div class=\"e-con-inner\">\n\t\t<div class=\"elementor-element elementor-element-f69b8c8 e-con-full e-flex e-con e-parent\" data-id=\"f69b8c8\" data-element_type=\"container\" data-e-type=\"container\">\n\t\t\t\t<div class=\"elementor-element elementor-element-c649436 elementor-widget elementor-widget-image\" data-id=\"c649436\" data-element_type=\"widget\" data-e-type=\"widget\" data-widget_type=\"image.default\">\n\t\t\t\t<div class=\"elementor-widget-container\">\n\t\t\t\t\t\t\t\t\t\t\t\t\t\t\t<img fetchpriority=\"high\" decoding=\"async\" width=\"291\" height=\"291\" src=\"https:\/\/remote-net.eu\/wp-content\/uploads\/2022\/10\/Senza-titolo.png\" class=\"attachment-large size-large wp-image-191\" alt=\"\" srcset=\"https:\/\/remote-net.eu\/wp-content\/uploads\/2022\/10\/Senza-titolo.png 291w, https:\/\/remote-net.eu\/wp-content\/uploads\/2022\/10\/Senza-titolo-150x150.png 150w\" sizes=\"(max-width: 291px) 100vw, 291px\" \/>\t\t\t\t\t\t\t\t\t\t\t\t\t\t\t<\/div>\n\t\t\t\t<\/div>\n\t\t\t\t<div class=\"elementor-element elementor-element-2e20620 elementor-align-center elementor-icon-list--layout-traditional elementor-list-item-link-full_width elementor-widget elementor-widget-icon-list\" data-id=\"2e20620\" data-element_type=\"widget\" data-e-type=\"widget\" data-widget_type=\"icon-list.default\">\n\t\t\t\t<div class=\"elementor-widget-container\">\n\t\t\t\t\t\t\t<ul class=\"elementor-icon-list-items\">\n\t\t\t\t\t\t\t<li class=\"elementor-icon-list-item\">\n\t\t\t\t\t\t\t\t\t\t\t<a href=\"http:\/\/www.istanbul.edu.tr\" target=\"_blank\">\n\n\t\t\t\t\t\t\t\t\t\t\t\t<span class=\"elementor-icon-list-icon\">\n\t\t\t\t\t\t\t<i aria-hidden=\"true\" class=\"fas fa-globe\"><\/i>\t\t\t\t\t\t<\/span>\n\t\t\t\t\t\t\t\t\t\t<span class=\"elementor-icon-list-text\">www.istanbul.edu.tr <\/span>\n\t\t\t\t\t\t\t\t\t\t\t<\/a>\n\t\t\t\t\t\t\t\t\t<\/li>\n\t\t\t\t\t\t<\/ul>\n\t\t\t\t\t\t<\/div>\n\t\t\t\t<\/div>\n\t\t\t\t<\/div>\n\t\t<div class=\"elementor-element elementor-element-bfda085 e-con-full e-flex e-con e-parent\" data-id=\"bfda085\" data-element_type=\"container\" data-e-type=\"container\">\n\t\t\t\t<div class=\"elementor-element elementor-element-ae628b5 elementor-widget elementor-widget-text-editor\" data-id=\"ae628b5\" data-element_type=\"widget\" data-e-type=\"widget\" data-widget_type=\"text-editor.default\">\n\t\t\t\t<div class=\"elementor-widget-container\">\n\t\t\t\t\t\t\t\t\t<p><b>Universit\u00e0 di Istanbul (TUR):<\/b><span style=\"font-weight: 400;\"> Fondata nel 1453, l&#8217;Universit\u00e0 di Istanbul \u00e8 una delle prime e pi\u00f9 antiche istituzioni della Turchia. Dislocata in vari campus e centri di ricerca, comprende: 15 Facolt\u00e0, 1 Conservatorio, 2 Scuole professionali, 2 Collegi e 12 Istituti di specializzazione. Secondo l&#8217;Academic Ranking of Worldwide Universities del 2011, l&#8217;Universit\u00e0 di Istanbul si \u00e8 classificata tra le prime 400 universit\u00e0, diventando cos\u00ec l&#8217;unica universit\u00e0 turca tra le prime 500. L&#8217;Universit\u00e0 di Istanbul ha gestito e continua a gestire diversi progetti nell&#8217;ambito di Horizon2020, ERA-NET, Erasmus+, Horizon Europe e altri programmi.<\/span><\/p>\t\t\t\t\t\t\t\t<\/div>\n\t\t\t\t<\/div>\n\t\t\t\t<\/div>\n\t\t\t\t\t<\/div>\n\t\t\t\t<\/div>\n\t\t<div class=\"elementor-element elementor-element-f89739f e-flex e-con-boxed e-con e-parent\" data-id=\"f89739f\" data-element_type=\"container\" data-e-type=\"container\" data-settings=\"{&quot;background_background&quot;:&quot;classic&quot;}\">\n\t\t\t\t\t<div class=\"e-con-inner\">\n\t\t<div class=\"elementor-element elementor-element-d39f0d0 e-con-full e-flex e-con e-parent\" data-id=\"d39f0d0\" data-element_type=\"container\" data-e-type=\"container\">\n\t\t\t\t<div class=\"elementor-element elementor-element-a0b9bf1 elementor-widget elementor-widget-image\" data-id=\"a0b9bf1\" data-element_type=\"widget\" data-e-type=\"widget\" data-widget_type=\"image.default\">\n\t\t\t\t<div class=\"elementor-widget-container\">\n\t\t\t\t\t\t\t\t\t\t\t\t\t\t\t<img decoding=\"async\" width=\"445\" height=\"295\" src=\"https:\/\/remote-net.eu\/wp-content\/uploads\/2022\/10\/4-2.png\" class=\"attachment-large size-large wp-image-219\" alt=\"\" srcset=\"https:\/\/remote-net.eu\/wp-content\/uploads\/2022\/10\/4-2.png 445w, https:\/\/remote-net.eu\/wp-content\/uploads\/2022\/10\/4-2-300x199.png 300w\" sizes=\"(max-width: 445px) 100vw, 445px\" \/>\t\t\t\t\t\t\t\t\t\t\t\t\t\t\t<\/div>\n\t\t\t\t<\/div>\n\t\t\t\t<div class=\"elementor-element elementor-element-0c9e6ef elementor-align-center elementor-icon-list--layout-traditional elementor-list-item-link-full_width elementor-widget elementor-widget-icon-list\" data-id=\"0c9e6ef\" data-element_type=\"widget\" data-e-type=\"widget\" data-widget_type=\"icon-list.default\">\n\t\t\t\t<div class=\"elementor-widget-container\">\n\t\t\t\t\t\t\t<ul class=\"elementor-icon-list-items\">\n\t\t\t\t\t\t\t<li class=\"elementor-icon-list-item\">\n\t\t\t\t\t\t\t\t\t\t\t<a href=\"http:\/\/www.bcci.bg\" target=\"_blank\">\n\n\t\t\t\t\t\t\t\t\t\t\t\t<span class=\"elementor-icon-list-icon\">\n\t\t\t\t\t\t\t<i aria-hidden=\"true\" class=\"fas fa-globe\"><\/i>\t\t\t\t\t\t<\/span>\n\t\t\t\t\t\t\t\t\t\t<span class=\"elementor-icon-list-text\">www.bcci.bg <\/span>\n\t\t\t\t\t\t\t\t\t\t\t<\/a>\n\t\t\t\t\t\t\t\t\t<\/li>\n\t\t\t\t\t\t<\/ul>\n\t\t\t\t\t\t<\/div>\n\t\t\t\t<\/div>\n\t\t\t\t<\/div>\n\t\t<div class=\"elementor-element elementor-element-21910f1 e-con-full e-flex e-con e-parent\" data-id=\"21910f1\" data-element_type=\"container\" data-e-type=\"container\">\n\t\t\t\t<div class=\"elementor-element elementor-element-ce2f21c elementor-widget elementor-widget-text-editor\" data-id=\"ce2f21c\" data-element_type=\"widget\" data-e-type=\"widget\" data-widget_type=\"text-editor.default\">\n\t\t\t\t<div class=\"elementor-widget-container\">\n\t\t\t\t\t\t\t\t\t<p><b>Sdruzhenie Bulgarska Targovsko-Promishlena Palata (BUL)<\/b><span style=\"font-weight: 400;\">: Fondata nel 1895, \u00e8 la pi\u00f9 grande e antica organizzazione bulgara dei datori di lavoro. \u00c8 un&#8217;organizzazione indipendente e non governativa per l&#8217;assistenza, la promozione, la rappresentanza e la tutela degli interessi commerciali dei suoi membri, che contribuisce allo sviluppo della cooperazione economica internazionale. Il BBCI incoraggia l&#8217;innovazione e la digitalizzazione delle aziende e delle start-up bulgare gestendo un gran numero di progetti e organizzando conferenze, corsi di formazione, workshop ed eventi di matchmaking. Il BCCI ha esperienza come leader delle attivit\u00e0 di comunicazione in un numero significativo di progetti finanziati dall&#8217;UE.<\/span><\/p>\t\t\t\t\t\t\t\t<\/div>\n\t\t\t\t<\/div>\n\t\t\t\t<\/div>\n\t\t\t\t\t<\/div>\n\t\t\t\t<\/div>\n\t\t<div class=\"elementor-element elementor-element-817c90f e-flex e-con-boxed e-con e-parent\" data-id=\"817c90f\" data-element_type=\"container\" data-e-type=\"container\">\n\t\t\t\t\t<div class=\"e-con-inner\">\n\t\t<div class=\"elementor-element elementor-element-3971f8b e-con-full e-flex e-con e-parent\" data-id=\"3971f8b\" data-element_type=\"container\" data-e-type=\"container\">\n\t\t\t\t<div class=\"elementor-element elementor-element-656b01b elementor-widget elementor-widget-image\" data-id=\"656b01b\" data-element_type=\"widget\" data-e-type=\"widget\" data-widget_type=\"image.default\">\n\t\t\t\t<div class=\"elementor-widget-container\">\n\t\t\t\t\t\t\t\t\t\t\t\t\t\t\t<img decoding=\"async\" width=\"293\" height=\"293\" src=\"https:\/\/remote-net.eu\/wp-content\/uploads\/2022\/10\/2.png\" class=\"attachment-large size-large wp-image-206\" alt=\"\" srcset=\"https:\/\/remote-net.eu\/wp-content\/uploads\/2022\/10\/2.png 293w, https:\/\/remote-net.eu\/wp-content\/uploads\/2022\/10\/2-150x150.png 150w\" sizes=\"(max-width: 293px) 100vw, 293px\" \/>\t\t\t\t\t\t\t\t\t\t\t\t\t\t\t<\/div>\n\t\t\t\t<\/div>\n\t\t\t\t<div class=\"elementor-element elementor-element-60f4f47 elementor-align-center elementor-icon-list--layout-traditional elementor-list-item-link-full_width elementor-widget elementor-widget-icon-list\" data-id=\"60f4f47\" data-element_type=\"widget\" data-e-type=\"widget\" data-widget_type=\"icon-list.default\">\n\t\t\t\t<div class=\"elementor-widget-container\">\n\t\t\t\t\t\t\t<ul class=\"elementor-icon-list-items\">\n\t\t\t\t\t\t\t<li class=\"elementor-icon-list-item\">\n\t\t\t\t\t\t\t\t\t\t\t<a href=\"http:\/\/www.hakis.org.tr\" target=\"_blank\">\n\n\t\t\t\t\t\t\t\t\t\t\t\t<span class=\"elementor-icon-list-icon\">\n\t\t\t\t\t\t\t<i aria-hidden=\"true\" class=\"fas fa-globe\"><\/i>\t\t\t\t\t\t<\/span>\n\t\t\t\t\t\t\t\t\t\t<span class=\"elementor-icon-list-text\">www.hakis.org.tr<\/span>\n\t\t\t\t\t\t\t\t\t\t\t<\/a>\n\t\t\t\t\t\t\t\t\t<\/li>\n\t\t\t\t\t\t<\/ul>\n\t\t\t\t\t\t<\/div>\n\t\t\t\t<\/div>\n\t\t\t\t<\/div>\n\t\t<div class=\"elementor-element elementor-element-1c32ba3 e-con-full e-flex e-con e-parent\" data-id=\"1c32ba3\" data-element_type=\"container\" data-e-type=\"container\">\n\t\t\t\t<div class=\"elementor-element elementor-element-3e67c28 elementor-widget elementor-widget-text-editor\" data-id=\"3e67c28\" data-element_type=\"widget\" data-e-type=\"widget\" data-widget_type=\"text-editor.default\">\n\t\t\t\t<div class=\"elementor-widget-container\">\n\t\t\t\t\t\t\t\t\t<p><b>Hak Isci Sendikalari Konfederasyonu (TUR)<\/b><span style=\"font-weight: 400;\">: la Confederazione sindacale HAK-IS \u00e8 stata fondata nel 1976 ad Ankara. \u00c8 un&#8217;affiliata della CES (Confederazione europea dei sindacati) e della ITUC (Confederazione internazionale dei sindacati). L&#8217;HAK-IS attribuisce particolare importanza a un nuovo approccio nel movimento sindacale turco che, coinvolgendosi in un processo di ristrutturazione, assumer\u00e0 ruoli attivi per creare soluzioni alternative, formare nuovi modelli e guidare nuovi schemi e istituire meccanismi efficaci per le soluzioni in concomitanza con i cambiamenti e i processi di trasformazione politici, economici, culturali e sociali in corso su scala locale e internazionale. Ha partecipato a diversi progetti, sia a livello nazionale che internazion<\/span><span style=\"font-weight: 400;\">ale.<\/span><\/p>\t\t\t\t\t\t\t\t<\/div>\n\t\t\t\t<\/div>\n\t\t\t\t<\/div>\n\t\t\t\t\t<\/div>\n\t\t\t\t<\/div>\n\t\t<div class=\"elementor-element elementor-element-e0723fe e-flex e-con-boxed e-con e-parent\" data-id=\"e0723fe\" data-element_type=\"container\" data-e-type=\"container\" data-settings=\"{&quot;background_background&quot;:&quot;classic&quot;}\">\n\t\t\t\t\t<div class=\"e-con-inner\">\n\t\t<div class=\"elementor-element elementor-element-fa8faad e-con-full e-flex e-con e-parent\" data-id=\"fa8faad\" data-element_type=\"container\" data-e-type=\"container\">\n\t\t\t\t<div class=\"elementor-element elementor-element-be43214 elementor-widget elementor-widget-image\" data-id=\"be43214\" data-element_type=\"widget\" data-e-type=\"widget\" data-widget_type=\"image.default\">\n\t\t\t\t<div class=\"elementor-widget-container\">\n\t\t\t\t\t\t\t\t\t\t\t\t\t\t\t<img loading=\"lazy\" decoding=\"async\" width=\"600\" height=\"400\" src=\"https:\/\/remote-net.eu\/wp-content\/uploads\/2022\/10\/ankara-kalkinma-ajansi.png-.png\" class=\"attachment-large size-large wp-image-236\" alt=\"\" srcset=\"https:\/\/remote-net.eu\/wp-content\/uploads\/2022\/10\/ankara-kalkinma-ajansi.png-.png 600w, https:\/\/remote-net.eu\/wp-content\/uploads\/2022\/10\/ankara-kalkinma-ajansi.png--300x200.png 300w\" sizes=\"(max-width: 600px) 100vw, 600px\" \/>\t\t\t\t\t\t\t\t\t\t\t\t\t\t\t<\/div>\n\t\t\t\t<\/div>\n\t\t\t\t<div class=\"elementor-element elementor-element-061e388 elementor-align-center elementor-icon-list--layout-traditional elementor-list-item-link-full_width elementor-widget elementor-widget-icon-list\" data-id=\"061e388\" data-element_type=\"widget\" data-e-type=\"widget\" data-widget_type=\"icon-list.default\">\n\t\t\t\t<div class=\"elementor-widget-container\">\n\t\t\t\t\t\t\t<ul class=\"elementor-icon-list-items\">\n\t\t\t\t\t\t\t<li class=\"elementor-icon-list-item\">\n\t\t\t\t\t\t\t\t\t\t\t<a href=\"http:\/\/www.ankaraka.org.tr\" target=\"_blank\">\n\n\t\t\t\t\t\t\t\t\t\t\t\t<span class=\"elementor-icon-list-icon\">\n\t\t\t\t\t\t\t<i aria-hidden=\"true\" class=\"fas fa-globe\"><\/i>\t\t\t\t\t\t<\/span>\n\t\t\t\t\t\t\t\t\t\t<span class=\"elementor-icon-list-text\">www.ankaraka.org.tr<\/span>\n\t\t\t\t\t\t\t\t\t\t\t<\/a>\n\t\t\t\t\t\t\t\t\t<\/li>\n\t\t\t\t\t\t<\/ul>\n\t\t\t\t\t\t<\/div>\n\t\t\t\t<\/div>\n\t\t\t\t<\/div>\n\t\t<div class=\"elementor-element elementor-element-8b84d26 e-con-full e-flex e-con e-parent\" data-id=\"8b84d26\" data-element_type=\"container\" data-e-type=\"container\">\n\t\t\t\t<div class=\"elementor-element elementor-element-747433f elementor-widget elementor-widget-text-editor\" data-id=\"747433f\" data-element_type=\"widget\" data-e-type=\"widget\" data-widget_type=\"text-editor.default\">\n\t\t\t\t<div class=\"elementor-widget-container\">\n\t\t\t\t\t\t\t\t\t<p><b>Ankara Kalkinma Ajansi (TUR)<\/b><span style=\"font-weight: 400;\">: L&#8217;Agenzia di sviluppo di Ankara (ADA) \u00e8 un&#8217;organizzazione governativa (pubblica) tra le 26 agenzie di sviluppo regionale sotto la supervisione del Ministero dell&#8217;Industria e della Tecnologia. La sua missione \u00e8 quella di essere un centro di supporto allo sviluppo e all&#8217;implementazione di progetti e di trovare nuove strategie adattando modelli di sviluppo innovativi e sostenibili. Dal 2010, ADA ha concesso un sostegno finanziario a pi\u00f9 di 5.000 imprese. Oltre alle modalit\u00e0 convenzionali di attuazione dei programmi di sostegno finanziario, ADA crea piattaforme di networking e organizza attivit\u00e0 di cooperazione settoriale per creare soluzioni uniche a livello locale contro i problemi dell&#8217;imprenditorialit\u00e0 e degli ecosistemi di innovazione.<\/span><\/p>\t\t\t\t\t\t\t\t<\/div>\n\t\t\t\t<\/div>\n\t\t\t\t<\/div>\n\t\t\t\t\t<\/div>\n\t\t\t\t<\/div>\n\t\t<div class=\"elementor-element elementor-element-0e1912c e-flex e-con-boxed e-con e-parent\" data-id=\"0e1912c\" data-element_type=\"container\" data-e-type=\"container\">\n\t\t\t\t\t<div class=\"e-con-inner\">\n\t\t<div class=\"elementor-element elementor-element-078761a e-con-full e-flex e-con e-parent\" data-id=\"078761a\" data-element_type=\"container\" data-e-type=\"container\">\n\t\t\t\t<div class=\"elementor-element elementor-element-8d2bfb0 elementor-widget elementor-widget-image\" data-id=\"8d2bfb0\" data-element_type=\"widget\" data-e-type=\"widget\" data-widget_type=\"image.default\">\n\t\t\t\t<div class=\"elementor-widget-container\">\n\t\t\t\t\t\t\t\t\t\t\t\t\t\t\t<img loading=\"lazy\" decoding=\"async\" width=\"337\" height=\"229\" src=\"https:\/\/remote-net.eu\/wp-content\/uploads\/2022\/10\/3.png\" class=\"attachment-large size-large wp-image-211\" alt=\"\" srcset=\"https:\/\/remote-net.eu\/wp-content\/uploads\/2022\/10\/3.png 337w, https:\/\/remote-net.eu\/wp-content\/uploads\/2022\/10\/3-300x204.png 300w\" sizes=\"(max-width: 337px) 100vw, 337px\" \/>\t\t\t\t\t\t\t\t\t\t\t\t\t\t\t<\/div>\n\t\t\t\t<\/div>\n\t\t\t\t<div class=\"elementor-element elementor-element-e93262c elementor-align-center elementor-icon-list--layout-traditional elementor-list-item-link-full_width elementor-widget elementor-widget-icon-list\" data-id=\"e93262c\" data-element_type=\"widget\" data-e-type=\"widget\" data-widget_type=\"icon-list.default\">\n\t\t\t\t<div class=\"elementor-widget-container\">\n\t\t\t\t\t\t\t<ul class=\"elementor-icon-list-items\">\n\t\t\t\t\t\t\t<li class=\"elementor-icon-list-item\">\n\t\t\t\t\t\t\t\t\t\t\t<a href=\"http:\/\/www.fetico.es\" target=\"_blank\">\n\n\t\t\t\t\t\t\t\t\t\t\t\t<span class=\"elementor-icon-list-icon\">\n\t\t\t\t\t\t\t<i aria-hidden=\"true\" class=\"fas fa-globe\"><\/i>\t\t\t\t\t\t<\/span>\n\t\t\t\t\t\t\t\t\t\t<span class=\"elementor-icon-list-text\">www.fetico.es <\/span>\n\t\t\t\t\t\t\t\t\t\t\t<\/a>\n\t\t\t\t\t\t\t\t\t<\/li>\n\t\t\t\t\t\t<\/ul>\n\t\t\t\t\t\t<\/div>\n\t\t\t\t<\/div>\n\t\t\t\t<\/div>\n\t\t<div class=\"elementor-element elementor-element-7262282 e-con-full e-flex e-con e-parent\" data-id=\"7262282\" data-element_type=\"container\" data-e-type=\"container\">\n\t\t\t\t<div class=\"elementor-element elementor-element-3f5bab4 elementor-widget elementor-widget-text-editor\" data-id=\"3f5bab4\" data-element_type=\"widget\" data-e-type=\"widget\" data-widget_type=\"text-editor.default\">\n\t\t\t\t<div class=\"elementor-widget-container\">\n\t\t\t\t\t\t\t\t\t<p><b>Confederacion Sindical Independiente &#8211; FETICO (ESP):<\/b><span style=\"font-weight: 400;\"> Organizzazione multisettoriale che rappresenta i lavoratori di tutti i settori economici e fornisce supporto per migliorare le loro condizioni lavorative e sociali attraverso servizi di formazione, assistenza professionale e orientamento al lavoro. FETICO fa parte della rete europea &#8220;Digital Skills and Jobs Coalition&#8221;, il cui obiettivo \u00e8 promuovere lo sviluppo delle competenze digitali nel campo dell&#8217;istruzione e dell&#8217;occupazione, ed \u00e8 membro dell&#8217; &#8220;Alleanza europea per l&#8217;apprendistato&#8221;, che riunisce i governi e le principali parti interessate al fine di rafforzare la qualit\u00e0, l&#8217;offerta e l&#8217;immagine complessiva dell&#8217;apprendistato in tutta Europa.<\/span><\/p>\t\t\t\t\t\t\t\t<\/div>\n\t\t\t\t<\/div>\n\t\t\t\t<\/div>\n\t\t\t\t\t<\/div>\n\t\t\t\t<\/div>\n\t\t<div class=\"elementor-element elementor-element-344e311 e-flex e-con-boxed e-con e-parent\" data-id=\"344e311\" data-element_type=\"container\" data-e-type=\"container\" data-settings=\"{&quot;background_background&quot;:&quot;classic&quot;}\">\n\t\t\t\t\t<div class=\"e-con-inner\">\n\t\t<div class=\"elementor-element elementor-element-4d13beb e-con-full e-flex e-con e-parent\" data-id=\"4d13beb\" data-element_type=\"container\" data-e-type=\"container\">\n\t\t\t\t<div class=\"elementor-element elementor-element-363f449 elementor-widget elementor-widget-image\" data-id=\"363f449\" data-element_type=\"widget\" data-e-type=\"widget\" data-widget_type=\"image.default\">\n\t\t\t\t<div class=\"elementor-widget-container\">\n\t\t\t\t\t\t\t\t\t\t\t\t\t\t\t<img loading=\"lazy\" decoding=\"async\" width=\"800\" height=\"800\" src=\"https:\/\/remote-net.eu\/wp-content\/uploads\/2022\/10\/VITECO-Marchio-Quadrato-1024x1024.png\" class=\"attachment-large size-large wp-image-228\" alt=\"\" srcset=\"https:\/\/remote-net.eu\/wp-content\/uploads\/2022\/10\/VITECO-Marchio-Quadrato-1024x1024.png 1024w, https:\/\/remote-net.eu\/wp-content\/uploads\/2022\/10\/VITECO-Marchio-Quadrato-300x300.png 300w, https:\/\/remote-net.eu\/wp-content\/uploads\/2022\/10\/VITECO-Marchio-Quadrato-150x150.png 150w, https:\/\/remote-net.eu\/wp-content\/uploads\/2022\/10\/VITECO-Marchio-Quadrato-768x768.png 768w, https:\/\/remote-net.eu\/wp-content\/uploads\/2022\/10\/VITECO-Marchio-Quadrato-1536x1536.png 1536w, https:\/\/remote-net.eu\/wp-content\/uploads\/2022\/10\/VITECO-Marchio-Quadrato-2048x2048.png 2048w\" sizes=\"(max-width: 800px) 100vw, 800px\" \/>\t\t\t\t\t\t\t\t\t\t\t\t\t\t\t<\/div>\n\t\t\t\t<\/div>\n\t\t\t\t<div class=\"elementor-element elementor-element-c335717 elementor-align-center elementor-icon-list--layout-traditional elementor-list-item-link-full_width elementor-widget elementor-widget-icon-list\" data-id=\"c335717\" data-element_type=\"widget\" data-e-type=\"widget\" data-widget_type=\"icon-list.default\">\n\t\t\t\t<div class=\"elementor-widget-container\">\n\t\t\t\t\t\t\t<ul class=\"elementor-icon-list-items\">\n\t\t\t\t\t\t\t<li class=\"elementor-icon-list-item\">\n\t\t\t\t\t\t\t\t\t\t\t<a href=\"https:\/\/www.vitecoelearning.eu\/\" target=\"_blank\">\n\n\t\t\t\t\t\t\t\t\t\t\t\t<span class=\"elementor-icon-list-icon\">\n\t\t\t\t\t\t\t<i aria-hidden=\"true\" class=\"fas fa-globe\"><\/i>\t\t\t\t\t\t<\/span>\n\t\t\t\t\t\t\t\t\t\t<span class=\"elementor-icon-list-text\">vitecoelearning.eu<\/span>\n\t\t\t\t\t\t\t\t\t\t\t<\/a>\n\t\t\t\t\t\t\t\t\t<\/li>\n\t\t\t\t\t\t<\/ul>\n\t\t\t\t\t\t<\/div>\n\t\t\t\t<\/div>\n\t\t\t\t<\/div>\n\t\t<div class=\"elementor-element elementor-element-8903f6f e-con-full e-flex e-con e-parent\" data-id=\"8903f6f\" data-element_type=\"container\" data-e-type=\"container\">\n\t\t\t\t<div class=\"elementor-element elementor-element-ee1c3f4 elementor-widget elementor-widget-text-editor\" data-id=\"ee1c3f4\" data-element_type=\"widget\" data-e-type=\"widget\" data-widget_type=\"text-editor.default\">\n\t\t\t\t<div class=\"elementor-widget-container\">\n\t\t\t\t\t\t\t\t\t<p><b>Vitale Tecnologie Comunicazione &#8211; VITECO SRL (ITA): <\/b><span style=\"font-weight: 400;\">Una PMI italiana con sede in Sicilia. \u00c8 un fornitore di tecnologie per la formazione a distanza e leader nel settore dell&#8217;e-learning con una solida esperienza sulle piattaforme open-source. Sviluppa inoltre soluzioni web-based per l&#8217;apprendimento collaborativo e contenuti educativi, compresi i serious games. VITECO fa parte di JO Group, un raggruppamento di 5 PMI italiane e 2 organizzazioni no profit specializzate in consulenza, ricerca e sviluppo e comunicazione digitale. Ha partecipato a numerosi progetti europei in H2020, Interreg Italia-Malta, Intelligent Energy Europe, Erasmus+, COSME, COST, ecc. e a molti altri progetti di R&amp;S di programmi regionali\/nazionali.<\/span><\/p>\t\t\t\t\t\t\t\t<\/div>\n\t\t\t\t<\/div>\n\t\t\t\t<\/div>\n\t\t\t\t\t<\/div>\n\t\t\t\t<\/div>\n\t\t\t\t<\/div>\n\t\t","protected":false},"excerpt":{"rendered":"<p>Coordinatore e partner www.istanbul.edu.tr Universit\u00e0 di Istanbul (TUR): Fondata nel 1453, l&#8217;Universit\u00e0 di Istanbul \u00e8 una delle prime e pi\u00f9 antiche istituzioni della Turchia. Dislocata in vari campus e centri di ricerca, comprende: 15 Facolt\u00e0, 1 Conservatorio, 2 Scuole professionali, 2 Collegi e 12 Istituti di specializzazione. Secondo l&#8217;Academic Ranking of Worldwide Universities del 2011, [&hellip;]<\/p>\n","protected":false},"author":2,"featured_media":0,"parent":0,"menu_order":0,"comment_status":"closed","ping_status":"closed","template":"","meta":{"_mi_skip_tracking":false,"_monsterinsights_sitenote_active":false,"_monsterinsights_sitenote_note":"","_monsterinsights_sitenote_category":0,"footnotes":""},"class_list":["post-431","page","type-page","status-publish","hentry"],"_links":{"self":[{"href":"https:\/\/remote-net.eu\/it\/wp-json\/wp\/v2\/pages\/431","targetHints":{"allow":["GET"]}}],"collection":[{"href":"https:\/\/remote-net.eu\/it\/wp-json\/wp\/v2\/pages"}],"about":[{"href":"https:\/\/remote-net.eu\/it\/wp-json\/wp\/v2\/types\/page"}],"author":[{"embeddable":true,"href":"https:\/\/remote-net.eu\/it\/wp-json\/wp\/v2\/users\/2"}],"replies":[{"embeddable":true,"href":"https:\/\/remote-net.eu\/it\/wp-json\/wp\/v2\/comments?post=431"}],"version-history":[{"count":7,"href":"https:\/\/remote-net.eu\/it\/wp-json\/wp\/v2\/pages\/431\/revisions"}],"predecessor-version":[{"id":478,"href":"https:\/\/remote-net.eu\/it\/wp-json\/wp\/v2\/pages\/431\/revisions\/478"}],"wp:attachment":[{"href":"https:\/\/remote-net.eu\/it\/wp-json\/wp\/v2\/media?parent=431"}],"curies":[{"name":"wp","href":"https:\/\/api.w.org\/{rel}","templated":true}]}}