{"id":550,"date":"2022-10-03T11:31:02","date_gmt":"2022-10-03T09:31:02","guid":{"rendered":"https:\/\/remote-net.eu\/?page_id=550"},"modified":"2023-12-05T12:14:22","modified_gmt":"2023-12-05T11:14:22","slug":"curso-online","status":"publish","type":"page","link":"https:\/\/remote-net.eu\/es\/curso-online\/","title":{"rendered":"Curso Online"},"content":{"rendered":"\t\t<div data-elementor-type=\"wp-page\" data-elementor-id=\"550\" class=\"elementor elementor-550 elementor-19\" data-elementor-post-type=\"page\">\n\t\t\t\t<div class=\"elementor-element elementor-element-9fb2bfa e-flex e-con-boxed e-con e-parent\" data-id=\"9fb2bfa\" data-element_type=\"container\" data-e-type=\"container\" data-settings=\"{&quot;background_background&quot;:&quot;classic&quot;}\">\n\t\t\t\t\t<div class=\"e-con-inner\">\n\t\t\t\t<div class=\"elementor-element elementor-element-d6714e3 elementor-widget elementor-widget-heading\" data-id=\"d6714e3\" data-element_type=\"widget\" data-e-type=\"widget\" data-widget_type=\"heading.default\">\n\t\t\t\t<div class=\"elementor-widget-container\">\n\t\t\t\t\t<h2 class=\"elementor-heading-title elementor-size-default\">Curso Online Elearning <\/h2>\t\t\t\t<\/div>\n\t\t\t\t<\/div>\n\t\t\t\t<div class=\"elementor-element elementor-element-dd7e888 elementor-widget elementor-widget-text-editor\" data-id=\"dd7e888\" data-element_type=\"widget\" data-e-type=\"widget\" data-widget_type=\"text-editor.default\">\n\t\t\t\t<div class=\"elementor-widget-container\">\n\t\t\t\t\t\t\t\t\t<p><span style=\"font-weight: 400;\">Massive Open Online Course en un entorno cooperativo y colaborativo que permite a los participantes seleccionar cursos de e-learning en funci\u00f3n de sus necesidades y motivaciones. Los usuarios encontrar\u00e1n pruebas formativas y sumativas para apoyar los objetivos de aprendizaje<\/span><\/p>\t\t\t\t\t\t\t\t<\/div>\n\t\t\t\t<\/div>\n\t\t\t\t<div class=\"elementor-element elementor-element-4a5c562 elementor-widget elementor-widget-button\" data-id=\"4a5c562\" data-element_type=\"widget\" data-e-type=\"widget\" data-widget_type=\"button.default\">\n\t\t\t\t<div class=\"elementor-widget-container\">\n\t\t\t\t\t\t\t\t\t<div class=\"elementor-button-wrapper\">\n\t\t\t\t\t<a class=\"elementor-button elementor-button-link elementor-size-lg\" href=\"https:\/\/platform.remote-net.eu\/catalog\/onlinecourse\" target=\"_blank\">\n\t\t\t\t\t\t<span class=\"elementor-button-content-wrapper\">\n\t\t\t\t\t\t\t\t\t<span class=\"elementor-button-text\">Ir al cat\u00e1logo de cursos<\/span>\n\t\t\t\t\t<\/span>\n\t\t\t\t\t<\/a>\n\t\t\t\t<\/div>\n\t\t\t\t\t\t\t\t<\/div>\n\t\t\t\t<\/div>\n\t\t\t\t\t<\/div>\n\t\t\t\t<\/div>\n\t\t\t\t<\/div>\n\t\t","protected":false},"excerpt":{"rendered":"<p>Curso Online Elearning Massive Open Online Course en un entorno cooperativo y colaborativo que permite a los participantes seleccionar cursos de e-learning en funci\u00f3n de sus necesidades y motivaciones. Los usuarios encontrar\u00e1n pruebas formativas y sumativas para apoyar los objetivos de aprendizaje Ir al cat\u00e1logo de cursos<\/p>\n","protected":false},"author":2,"featured_media":0,"parent":0,"menu_order":0,"comment_status":"closed","ping_status":"closed","template":"","meta":{"_mi_skip_tracking":false,"_monsterinsights_sitenote_active":false,"_monsterinsights_sitenote_note":"","_monsterinsights_sitenote_category":0,"footnotes":""},"class_list":["post-550","page","type-page","status-publish","hentry"],"_links":{"self":[{"href":"https:\/\/remote-net.eu\/es\/wp-json\/wp\/v2\/pages\/550","targetHints":{"allow":["GET"]}}],"collection":[{"href":"https:\/\/remote-net.eu\/es\/wp-json\/wp\/v2\/pages"}],"about":[{"href":"https:\/\/remote-net.eu\/es\/wp-json\/wp\/v2\/types\/page"}],"author":[{"embeddable":true,"href":"https:\/\/remote-net.eu\/es\/wp-json\/wp\/v2\/users\/2"}],"replies":[{"embeddable":true,"href":"https:\/\/remote-net.eu\/es\/wp-json\/wp\/v2\/comments?post=550"}],"version-history":[{"count":7,"href":"https:\/\/remote-net.eu\/es\/wp-json\/wp\/v2\/pages\/550\/revisions"}],"predecessor-version":[{"id":630,"href":"https:\/\/remote-net.eu\/es\/wp-json\/wp\/v2\/pages\/550\/revisions\/630"}],"wp:attachment":[{"href":"https:\/\/remote-net.eu\/es\/wp-json\/wp\/v2\/media?parent=550"}],"curies":[{"name":"wp","href":"https:\/\/api.w.org\/{rel}","templated":true}]}}